{"id":6,"date":"2023-10-31T15:58:09","date_gmt":"2023-10-31T15:58:09","guid":{"rendered":"http:\/\/firma.dessoy-bbs.de\/?page_id=6"},"modified":"2024-06-30T17:53:33","modified_gmt":"2024-06-30T17:53:33","slug":"geschaeftsbedingungen","status":"publish","type":"page","link":"https:\/\/firma.dessoy-bbs.de\/?page_id=6","title":{"rendered":"Gesch\u00e4ftsbedingungen"},"content":{"rendered":"\n<p class=\"has-x-large-font-size\"><strong>Gesch\u00e4ftsbedingungen<\/strong><\/p>\n\n\n\n<ul class=\"wp-block-list\">\n<li>Stahlzuschlag f\u00fcr L\u00e4ngs- und Querschnitte ab 2cm\u00b2 Schnittfl\u00e4che 2,50 \u20ac\/cm\u00b2 alle Preise zuz\u00fcglich gesetzlicher Mwst.<\/li>\n\n\n\n<li>Die Bohrpunkte bzw. die \u00e4u\u00dfere S\u00e4geschnitte m\u00fcssen vorab bauseits in eindeutig zuzuordnender Art und Weise z. B. mit entsprechenden Markierstiften angezeichnet werden.<\/li>\n\n\n\n<li>Bei Bohrpunkten ist in der Regel der Bohrmittelpunkt anzuzeichnen sowie der Durchmesser der Bohrung daneben zu schreiben.<\/li>\n\n\n\n<li>Bei \u00d6ffnungen sollten die \u00d6ffnungsfl\u00e4chen durch Schraffuren gekennzeichnet werden. <br>Sollten bereits Anzeichnungen vorhanden sein, welche nicht bzw. noch nicht zur Ausf\u00fchrung frei gegeben sind, m\u00fcssen die zur Ausf\u00fchrung anstehenden \u00d6ffnungen klar gekennzeichnet werden. Wir empfehlen einen Punkt mit Markierspray bei der obligatorischen Einweisung unserer Monteure direkt vor Ort. <br>Ein Anzeichnen mittels bauseitiger Planunterlagen und auch dar\u00fcber hinaus gehende Entscheidungen bez\u00fcglich der Lage bzw. dem Verschieben von geplanten \u00d6ffnungen ist nicht die Aufgabe unserer Monteure. <br>Ein qualifizierter Ansprechpartner ist bauseits zu benennen und sollte erreichbar sein. <br>Im Schadensfall schlie\u00dfen wir jegliche Haftung f\u00fcr nicht eindeutig angezeichnete bzw. eindeutig kommunizierte Anzeichnungen aus.<\/li>\n\n\n\n<li>Bauseits muss die Pr\u00fcfung und Freigabe der Bohr- und Schneidepunkte bez\u00fcglich Statik und verdeckt liegender Leitungen erfolgen. <br>Wir weisen daraufhin, dass wir nicht befugt sind und auch nicht qualifiziert einsch\u00e4tzen k\u00f6nnen, ob durch unsere Arbeiten die Statik beeintr\u00e4chtigt wird. <br>Der Auftraggeber sollte im Zweifelsfall die statische Freigabe eines fachkundigen Dritten einholen.<br>Bei Beginn der Arbeiten gehen wir davon aus, dass die Freigabe erfolgte und schlie\u00dfen rein vorsorglich diesbez\u00fcglich jede Haftung aus.<\/li>\n\n\n\n<li>100% Wasserschutz ist technisch nicht m\u00f6glich, da das Wasser z.B. durch Geb\u00e4uderisse und \u2013Fugen oder Leerrohre abflie\u00dfen kann. Wir schlie\u00dfen daher jeder Haftung f\u00fcr Sch\u00e4den, die durch Bohr- und Sp\u00fclwasser entstehen aus. <\/li>\n\n\n\n<li>F\u00fcr das Durchtrennen von Heizungs-, Strom-, Wasser- und Abwasserlei-tungen an den Schneid- und Bohrpunkten \u00fcbernehmen wir keine Haftung. Abrechnung nach Aufma\u00df.<\/li>\n\n\n\n<li>F\u00fcr Regie-, Warte- und Stillstandzeiten, die durch den Auftraggeber angeordnet und zu vertreten sind, berechen wir Ihnen aktuell pro Monteur und Stunde 59,- \u20ac.<\/li>\n\n\n\n<li>F\u00fcr Schutzma\u00dfnahmen (Folie) berechnen wir 4,- \u20ac pro m\u00b2.<\/li>\n\n\n\n<li>Bei Abruf von Teilmengen betr\u00e4gt der Mindestrechnungsbetrag pro Einsatz bei Bohrarbeiten 240,- \u20ac und f\u00fcr S\u00e4gearbeiten 350,- \u20ac.<br>Bauseits muss ein \u00bd\u201c Wasseranschlu\u00df sowie ein 32A Stromanschluss im Umkreis von 50m vorhanden sein. <br>Au\u00dferdem m\u00fcssen Brandmeldeeinrichtungen deaktiviert werden und ein Parkplatz pro Bohr- und S\u00e4gekolonne vorhanden sein. Die Baustelle wird unsererseits ,soweit nicht anders vereinbart, besenrein hinterlassen. Bauschuttentsorgung erfolgt grunds\u00e4tzlich bauseits. Bei Abklebearbeiten kann es zu verbleibenden Anhaftungen von Klebematerialien und zum Abtragen der Wandfarben oder Tapeten kommen. Eine in der Regel notwendige, malerm\u00e4\u00dfige Nachbearbeitung erfolgt gegebenenfalls bauseits. Durch das Befestigen der Maschinen k\u00f6nnen zus\u00e4tzliche Bohr- und D\u00fcbell\u00f6cher entstehen, das Verschlie\u00dfen erfolgt gegebenenfalls bauseits.<\/li>\n\n\n\n<li>Absicherung von Absturzkanten nach der Ausf\u00fchrung von Wand- und Deckendurchbr\u00fcchen bzw. Br\u00fcstungs- und Balkonabbr\u00fcchen sowie Sichern bzw. Abdecken oder Verschlie\u00dfen von Bohrl\u00f6chern in B\u00f6den zur Vermeidung von Stolper- oder Durchtrittsgefahren erfolgt bauseits.<\/li>\n\n\n\n<li>Grundlagen unseres Angebotes ist die VOB Teil B jeweils neueste Fassung, insbesondere VOB Teil C, DIN 18459, jeweils aktueller Stand. <br>Bei Nichteinhaltung der vereinbarten Zahlungsziele sind wir abweichend von der VOB berechtigt, ohne weitere Ank\u00fcndigung vom Zur\u00fcckbe-haltungsrecht unserer Leistung Gebrauch zu machen, bis die f\u00e4lligen Rechnungen vollst\u00e4ndig bezahlt sind. F\u00fcr die hieraus resultierenden Sch\u00e4den und Bauverzug haften wir nicht.<\/li>\n\n\n\n<li>Eine Freistellungsbescheinigung gem\u00e4\u00df \u00a7 48b Abs. 1 Satz 1 des ESTG liegt vor (g\u00fcltig vom 02.06.2022 bis 01.06.2025 (Sicherheirsnr.: 46936223))<\/li>\n\n\n\n<li>Angebotsg\u00fcltigkeit: 3 Monate<\/li>\n\n\n\n<li>Vor Auftragsbeginn bitten wir um eine schriftliche Auftragsbest\u00e4tigung.<\/li>\n\n\n\n<li>Zur Kl\u00e4rung evtl. Fragen stehen wir Ihnen selbstverst\u00e4ndlich jederzeit gerne unter unseren Kontaktdaten zur Verf\u00fcgung.<\/li>\n<\/ul>\n","protected":false},"excerpt":{"rendered":"<p>Gesch\u00e4ftsbedingungen<\/p>\n","protected":false},"author":1,"featured_media":0,"parent":0,"menu_order":3,"comment_status":"closed","ping_status":"closed","template":"","meta":{"footnotes":""},"class_list":["post-6","page","type-page","status-publish","hentry"],"_links":{"self":[{"href":"https:\/\/firma.dessoy-bbs.de\/index.php?rest_route=\/wp\/v2\/pages\/6","targetHints":{"allow":["GET"]}}],"collection":[{"href":"https:\/\/firma.dessoy-bbs.de\/index.php?rest_route=\/wp\/v2\/pages"}],"about":[{"href":"https:\/\/firma.dessoy-bbs.de\/index.php?rest_route=\/wp\/v2\/types\/page"}],"author":[{"embeddable":true,"href":"https:\/\/firma.dessoy-bbs.de\/index.php?rest_route=\/wp\/v2\/users\/1"}],"replies":[{"embeddable":true,"href":"https:\/\/firma.dessoy-bbs.de\/index.php?rest_route=%2Fwp%2Fv2%2Fcomments&post=6"}],"version-history":[{"count":29,"href":"https:\/\/firma.dessoy-bbs.de\/index.php?rest_route=\/wp\/v2\/pages\/6\/revisions"}],"predecessor-version":[{"id":158,"href":"https:\/\/firma.dessoy-bbs.de\/index.php?rest_route=\/wp\/v2\/pages\/6\/revisions\/158"}],"wp:attachment":[{"href":"https:\/\/firma.dessoy-bbs.de\/index.php?rest_route=%2Fwp%2Fv2%2Fmedia&parent=6"}],"curies":[{"name":"wp","href":"https:\/\/api.w.org\/{rel}","templated":true}]}}